{"id":68,"date":"2012-04-21T08:46:33","date_gmt":"2012-04-21T08:46:33","guid":{"rendered":"http:\/\/www.raumklima.cc\/?page_id=68"},"modified":"2012-11-12T17:10:05","modified_gmt":"2012-11-12T17:10:05","slug":"wohnbau","status":"publish","type":"page","link":"https:\/\/www.raumklima.cc\/?page_id=68","title":{"rendered":"Mehrfamilienh\u00e4user"},"content":{"rendered":"<ul class=\"ngg-breadcrumbs\">\n    <\/ul>\n<div class=\"ngg-albumoverview\">\t\n\t<!-- List of galleries -->\n\t\n\t<div class=\"ngg-album\">\n\t\t<div class=\"ngg-albumtitle\"><a href=\"https:\/\/www.raumklima.cc\/index.php\/nggallery\/mehrfamilienhauser\/siedlungsgasse-bischofshofen?page_id=68\">Siedlungsgasse Bischofshofen<\/a><\/div>\n\t\t\t<div class=\"ngg-albumcontent\">\n\t\t\t\t<div class=\"ngg-thumbnail\">\n\t\t\t\t\t<a href=\"https:\/\/www.raumklima.cc\/index.php\/nggallery\/mehrfamilienhauser\/siedlungsgasse-bischofshofen?page_id=68\"><img class=\"Thumb\" alt=\"Siedlungsgasse Bischofshofen\" src=\"https:\/\/www.raumklima.cc\/wp-content\/gallery\/siedlungsgasse-bischofshofen\/cache\/1.jpg-nggid0282-ngg0dyn-91x68-00f0w010c011r110f110r010t010.jpg\"\/><\/a>\n\t\t\t\t<\/div>\n\t\t\t\t<div class=\"ngg-description\">\n\t\t\t\t<p>Wohnanlage in Bischofshofen bestehend aus mehreren Bauk\u00f6rpern. Integration des neuen Kindergartens und der Krabbelgruppe. Energieversorugung \u00fcber die Nahw\u00e4rme Pongau und thermischen Solaranlagen.<\/p>\n\t\t\t\t\t\t\t\t<p class=\"ngg-album-gallery-image-counter\"><strong>9<\/strong>&nbsp;Fotos<\/p>\n\t\t\t\t\t\t\t<\/div>\n\t\t<\/div>\n\t<\/div>\n\n \t\n\t<div class=\"ngg-album\">\n\t\t<div class=\"ngg-albumtitle\"><a href=\"https:\/\/www.raumklima.cc\/?page_id=68\">Mehrfamilienhaus Hallein<\/a><\/div>\n\t\t\t<div class=\"ngg-albumcontent\">\n\t\t\t\t<div class=\"ngg-thumbnail\">\n\t\t\t\t\t<a href=\"https:\/\/www.raumklima.cc\/?page_id=68\"><img class=\"Thumb\" alt=\"Mehrfamilienhaus Hallein\" src=\"https:\/\/www.raumklima.cc\/wp-content\/gallery\/mfh-hallein\/cache\/imga0367.jpg-nggid03100-ngg0dyn-91x68-00f0w010c011r110f110r010t010.jpg\"\/><\/a>\n\t\t\t\t<\/div>\n\t\t\t\t<div class=\"ngg-description\">\n\t\t\t\t<p>Gesamt 108 Einheiten.\r\nBeheizung \u00fcber Fernw\u00e4rmeanschluss in Kombination mit einer Solaranlage zur Warmwasserbereitung und Heizungsunterst\u00fctzung.\r\n<\/p>\n\t\t\t\t\t\t\t\t<p class=\"ngg-album-gallery-image-counter\"><strong>3<\/strong>&nbsp;Fotos<\/p>\n\t\t\t\t\t\t\t<\/div>\n\t\t<\/div>\n\t<\/div>\n\n \t\n\t<div class=\"ngg-album\">\n\t\t<div class=\"ngg-albumtitle\"><a href=\"https:\/\/www.raumklima.cc\/?page_id=68\">Mehrfamilienhaus Itzling<\/a><\/div>\n\t\t\t<div class=\"ngg-albumcontent\">\n\t\t\t\t<div class=\"ngg-thumbnail\">\n\t\t\t\t\t<a href=\"https:\/\/www.raumklima.cc\/?page_id=68\"><img class=\"Thumb\" alt=\"Mehrfamilienhaus Itzling\" src=\"https:\/\/www.raumklima.cc\/wp-content\/gallery\/mfh-itzling\/cache\/Itzling-familienwohnungen1.jpg-nggid03124-ngg0dyn-91x68-00f0w010c011r110f110r010t010.jpg\"\/><\/a>\n\t\t\t\t<\/div>\n\t\t\t\t<div class=\"ngg-description\">\n\t\t\t\t<p><\/p>\n\t\t\t\t\t\t\t\t<p class=\"ngg-album-gallery-image-counter\"><strong>1<\/strong>&nbsp;Fotos<\/p>\n\t\t\t\t\t\t\t<\/div>\n\t\t<\/div>\n\t<\/div>\n\n \t\n\t<div class=\"ngg-album\">\n\t\t<div class=\"ngg-albumtitle\"><a href=\"https:\/\/www.raumklima.cc\/index.php\/nggallery\/mehrfamilienhauser\/mfh-neufahrn-v-1?page_id=68\">Mehrfamilienhaus Neufahrn V<\/a><\/div>\n\t\t\t<div class=\"ngg-albumcontent\">\n\t\t\t\t<div class=\"ngg-thumbnail\">\n\t\t\t\t\t<a href=\"https:\/\/www.raumklima.cc\/index.php\/nggallery\/mehrfamilienhauser\/mfh-neufahrn-v-1?page_id=68\"><img class=\"Thumb\" alt=\"Mehrfamilienhaus Neufahrn V\" src=\"https:\/\/www.raumklima.cc\/wp-content\/gallery\/mfh-neufahrn-v-1\/cache\/1409_140527.jpg-nggid03128-ngg0dyn-91x68-00f0w010c011r110f110r010t010.jpg\"\/><\/a>\n\t\t\t\t<\/div>\n\t\t\t\t<div class=\"ngg-description\">\n\t\t\t\t<p><\/p>\n\t\t\t\t\t\t\t\t<p class=\"ngg-album-gallery-image-counter\"><strong>3<\/strong>&nbsp;Fotos<\/p>\n\t\t\t\t\t\t\t<\/div>\n\t\t<\/div>\n\t<\/div>\n\n \t\n\t<div class=\"ngg-album\">\n\t\t<div class=\"ngg-albumtitle\"><a href=\"https:\/\/www.raumklima.cc\/index.php\/nggallery\/mehrfamilienhauser\/mfh-russbach?page_id=68\">Mehrfamilienhaus Ru\u00dfbach<\/a><\/div>\n\t\t\t<div class=\"ngg-albumcontent\">\n\t\t\t\t<div class=\"ngg-thumbnail\">\n\t\t\t\t\t<a href=\"https:\/\/www.raumklima.cc\/index.php\/nggallery\/mehrfamilienhauser\/mfh-russbach?page_id=68\"><img class=\"Thumb\" alt=\"Mehrfamilienhaus Ru\u00dfbach\" src=\"https:\/\/www.raumklima.cc\/wp-content\/gallery\/mfh-russbach\/cache\/Image-2.png-nggid03135-ngg0dyn-91x68-00f0w010c011r110f110r010t010.png\"\/><\/a>\n\t\t\t\t<\/div>\n\t\t\t\t<div class=\"ngg-description\">\n\t\t\t\t<p><\/p>\n\t\t\t\t\t\t\t\t<p class=\"ngg-album-gallery-image-counter\"><strong>8<\/strong>&nbsp;Fotos<\/p>\n\t\t\t\t\t\t\t<\/div>\n\t\t<\/div>\n\t<\/div>\n\n \t\n\t<div class=\"ngg-album\">\n\t\t<div class=\"ngg-albumtitle\"><a href=\"https:\/\/www.raumklima.cc\/index.php\/nggallery\/mehrfamilienhauser\/mfh-tsetinis-hallein?page_id=68\">Mehrfamilienhaus Tsetinis Hallein<\/a><\/div>\n\t\t\t<div class=\"ngg-albumcontent\">\n\t\t\t\t<div class=\"ngg-thumbnail\">\n\t\t\t\t\t<a href=\"https:\/\/www.raumklima.cc\/index.php\/nggallery\/mehrfamilienhauser\/mfh-tsetinis-hallein?page_id=68\"><img class=\"Thumb\" alt=\"Mehrfamilienhaus Tsetinis Hallein\" src=\"https:\/\/www.raumklima.cc\/wp-content\/gallery\/mfh-tsetinis-hallein\/cache\/Image-1.png-nggid03142-ngg0dyn-91x68-00f0w010c011r110f110r010t010.png\"\/><\/a>\n\t\t\t\t<\/div>\n\t\t\t\t<div class=\"ngg-description\">\n\t\t\t\t<p><\/p>\n\t\t\t\t\t\t\t\t<p class=\"ngg-album-gallery-image-counter\"><strong>2<\/strong>&nbsp;Fotos<\/p>\n\t\t\t\t\t\t\t<\/div>\n\t\t<\/div>\n\t<\/div>\n\n \t\n\t<div class=\"ngg-album\">\n\t\t<div class=\"ngg-albumtitle\"><a href=\"https:\/\/www.raumklima.cc\/index.php\/nggallery\/mehrfamilienhauser\/mehrfamilienhaus-braeumuehlweg?page_id=68\">Mehrfamilienhaus Br\u00e4um\u00fchlweg<\/a><\/div>\n\t\t\t<div class=\"ngg-albumcontent\">\n\t\t\t\t<div class=\"ngg-thumbnail\">\n\t\t\t\t\t<a href=\"https:\/\/www.raumklima.cc\/index.php\/nggallery\/mehrfamilienhauser\/mehrfamilienhaus-braeumuehlweg?page_id=68\"><img class=\"Thumb\" alt=\"Mehrfamilienhaus Br\u00e4um\u00fchlweg\" src=\"https:\/\/www.raumklima.cc\/wp-content\/gallery\/mehrfamilienhaus-braeumuehlweg\/cache\/Bergheim-Kamera01.jpg-nggid03183-ngg0dyn-91x68-00f0w010c011r110f110r010t010.jpg\"\/><\/a>\n\t\t\t\t<\/div>\n\t\t\t\t<div class=\"ngg-description\">\n\t\t\t\t<p>Miet- und Eigentumswohnungen in Form von 4 Geb\u00e4uden mit insgesamt 39 Einheiten und gemeinsamer Tiefgarage. Die W\u00e4rmeversorgung erfolgt \u00fcber das \u00f6rtliche Nahw\u00e4rmenetz. \r\nZur W\u00e4rmeverteilung wurden sowohl Radiatoren als auch Fl\u00e4chenheizungen angewendet. \r\nDie Warmwasserbereitung erfolgt mit gr\u00f6\u00dftm\u00f6glich hygienischen Standard dezentral \u00fcber W\u00e4rmetauscher in den jeweiligen Nutzereinheiten.\r\n<\/p>\n\t\t\t\t\t\t\t\t<p class=\"ngg-album-gallery-image-counter\"><strong>1<\/strong>&nbsp;Fotos<\/p>\n\t\t\t\t\t\t\t<\/div>\n\t\t<\/div>\n\t<\/div>\n\n \t\n\t<div class=\"ngg-album\">\n\t\t<div class=\"ngg-albumtitle\"><a href=\"https:\/\/www.raumklima.cc\/index.php\/nggallery\/mehrfamilienhauser\/mehrfamilienhaus-voetterlgut?page_id=68\">Mehrfamilienhaus V\u00f6tterlgut <\/a><\/div>\n\t\t\t<div class=\"ngg-albumcontent\">\n\t\t\t\t<div class=\"ngg-thumbnail\">\n\t\t\t\t\t<a href=\"https:\/\/www.raumklima.cc\/index.php\/nggallery\/mehrfamilienhauser\/mehrfamilienhaus-voetterlgut?page_id=68\"><img class=\"Thumb\" alt=\"Mehrfamilienhaus V\u00f6tterlgut \" src=\"https:\/\/www.raumklima.cc\/wp-content\/gallery\/mehrfamilienhaus-voetterlgut\/cache\/2014.10.03-BM_SJ-Voetterlgut-04.jpg-nggid03184-ngg0dyn-91x68-00f0w010c011r110f110r010t010.jpg\"\/><\/a>\n\t\t\t\t<\/div>\n\t\t\t\t<div class=\"ngg-description\">\n\t\t\t\t<p>Miet- und Eigentumswohnungen in Form von 4 Mehrfamilien und 6 Reihenh\u00e4usern mit \r\ninsgesamt 37 Einheiten und gemeinsamer Tiefgarage. Die W\u00e4rmeversorgung erfolgt \u00fcber \r\neine Grundwasser W\u00e4rmepumpe. Zur Spitzenlastabdeckung und Ausfallsabsicherung wurde\r\neine Gas-Brennwertkessel installiert. Die PV-Anlage liefert Strom f\u00fcr die W\u00e4rmepumpe.  \r\nZur W\u00e4rmeverteilung wurden sowohl Niedertemperatur Radiatoren als auch Fl\u00e4chenheizungen angewendet. Die Warmwasserbereitung erfolgt mit gr\u00f6\u00dftm\u00f6glich hygienischen Standard dezentral \u00fcber W\u00e4rmetauscher in den jeweiligen Nutzereinheiten.<\/p>\n\t\t\t\t\t\t\t\t<p class=\"ngg-album-gallery-image-counter\"><strong>1<\/strong>&nbsp;Fotos<\/p>\n\t\t\t\t\t\t\t<\/div>\n\t\t<\/div>\n\t<\/div>\n\n \t \t\n\t<!-- Pagination -->\n \t<div class='ngg-clear'><\/div> \t\n<\/div>\n\n","protected":false},"excerpt":{"rendered":"","protected":false},"author":1,"featured_media":0,"parent":0,"menu_order":0,"comment_status":"closed","ping_status":"closed","template":"","meta":{"ngg_post_thumbnail":0},"_links":{"self":[{"href":"https:\/\/www.raumklima.cc\/index.php?rest_route=\/wp\/v2\/pages\/68"}],"collection":[{"href":"https:\/\/www.raumklima.cc\/index.php?rest_route=\/wp\/v2\/pages"}],"about":[{"href":"https:\/\/www.raumklima.cc\/index.php?rest_route=\/wp\/v2\/types\/page"}],"author":[{"embeddable":true,"href":"https:\/\/www.raumklima.cc\/index.php?rest_route=\/wp\/v2\/users\/1"}],"replies":[{"embeddable":true,"href":"https:\/\/www.raumklima.cc\/index.php?rest_route=%2Fwp%2Fv2%2Fcomments&post=68"}],"version-history":[{"count":8,"href":"https:\/\/www.raumklima.cc\/index.php?rest_route=\/wp\/v2\/pages\/68\/revisions"}],"predecessor-version":[{"id":152,"href":"https:\/\/www.raumklima.cc\/index.php?rest_route=\/wp\/v2\/pages\/68\/revisions\/152"}],"wp:attachment":[{"href":"https:\/\/www.raumklima.cc\/index.php?rest_route=%2Fwp%2Fv2%2Fmedia&parent=68"}],"curies":[{"name":"wp","href":"https:\/\/api.w.org\/{rel}","templated":true}]}}