{"id":569,"date":"2018-08-15T22:03:35","date_gmt":"2018-08-15T22:03:35","guid":{"rendered":"http:\/\/www.raumklima.cc\/?page_id=569"},"modified":"2018-08-17T07:48:55","modified_gmt":"2018-08-17T07:48:55","slug":"home","status":"publish","type":"page","link":"https:\/\/www.raumklima.cc\/","title":{"rendered":"Home"},"content":{"rendered":"<h1>Planungsb\u00fcro f\u00fcr Haustechnik<\/h1>\r\nUnsere Unternehmensphilosophie basiert auf drei wichtigen Eckpfeilern; Know-how, Umwelt. und Mensch.\r\n\r\nUnser Ziel ist es unsere langj\u00e4hrige Erfahrung und unser fachliches Know-how stets in unsere Arbeit mit einflie\u00dfen zu lassen. Wir m\u00f6chten gemeinsam mit unseren Partnern und Kunden L\u00f6sungen erarbeiten die einerseits den technischen Fortschritt widerspiegeln und andererseits langfristige und solide Resultate darstellen.\r\n\r\n&nbsp;\r\n\r\nDa Umwelt einen wesentlich Grundstein unserer Unternehmensphilosophie darstellt legen wir gro\u00dfen Wert auf Nachhaltigkeit und Klimaschutz. Bei unseren Planungen steht neben energiesparenden und umweltschonenden L\u00f6sungsans\u00e4tzen aber auch der Mensch im Vordergrund.\r\n\r\n&nbsp;\r\n\r\nF\u00fcr ein angenehmes und gesundes Arbeitsklima in dem man gemeinsam L\u00f6sungen findet, die speziell auf die Kundenbed\u00fcrfnisse zugeschnitten sind sehen wir eine Partnerschaft mit unseren Kunden als zentrale Schnittstelle.\r\n\r\n&nbsp;\r\n\r\nH\u00f6chste Qualit\u00e4t in allen Bereichen unseres Servicespektrums zu liefern sehen wir nicht nur als Selbstverst\u00e4ndlichkeit sondern als unseren Erfolgsfaktor. Unsere Servicepalette umfasst unteranderem die Energieberatung, Planung und Projektierung worin wir auch unsere St\u00e4rken sehen.\r\n<h1>&nbsp;<\/h1>\r\n<h1>Referenzen<\/h1>\r\n\t<div id=\"twoJGallery-602\" class=\"twoJGallery\" \n\t\t style=\"max-width: 100%;\" \t    data-twoJG-root-id=\"602\"\n\t    data-twoJG-id=\"602\"\n\t    data-twoJG-cofig=\"jsonConfigId602\">\n\n\t\t\n\t\t\t\t\t<div class=\"block twoJG_content row\" data-view=\"subgalleries_images\" >\n\t\t\t\t\t<div id=\"view-1778328774-1945984565\" class=\"js-grid-view\"><\/div>\n\t<div id=\"playlist-1778328774-1945984565\" class=\"js-playlist\" style=\"display: none\">\n\t\t<ul data-category-name=\"gallery-0-1778328774-1945984565\">\n\t\t\t\t\t\t\t<li\n\t\t\t\t\tclass=\"js-twoJG-grid-item\"\n\t\t\t\t\tdata-twoJG-id=\"577\"\n\t\t\t\t\tdata-twoJG-type=\"image\"\n\t\t\t\t\tdata-twoJG-link-type=\"blank\"\n\t\t\t\t\tdata-url=\"http:\/\/www.raumklima.cc\/?page_id=53\"\n\t\t\t\t\tdata-thumbnail=\"https:\/\/www.raumklima.cc\/wp-content\/uploads\/Raumklima-Web-Kategorie-1.jpg\"\n\t\t\t\t\t\t\t\t\tdata-caption=\"Einfamilienh\u00e4user\"\n\t\t\t\t\t\t\t\t\t\t\t\t>\t\n\t\t\t\t\t<img src=\"https:\/\/www.raumklima.cc\/wp-content\/uploads\/Raumklima-Web-Kategorie-1.jpg\" alt=\"\">\n\n\t\t\t\t\t\n\t\t\t\t\t\t\t\t\t<\/li>\n\t\t\t\t\t\t\t<li\n\t\t\t\t\tclass=\"js-twoJG-grid-item\"\n\t\t\t\t\tdata-twoJG-id=\"578\"\n\t\t\t\t\tdata-twoJG-type=\"image\"\n\t\t\t\t\tdata-twoJG-link-type=\"blank\"\n\t\t\t\t\tdata-url=\"http:\/\/www.raumklima.cc\/?page_id=68\"\n\t\t\t\t\tdata-thumbnail=\"https:\/\/www.raumklima.cc\/wp-content\/uploads\/Raumklima-Web-Kategorie-2.jpg\"\n\t\t\t\t\t\t\t\t\tdata-caption=\"Mehrfamilienh\u00e4user\"\n\t\t\t\t\t\t\t\t\t\t\t\t>\t\n\t\t\t\t\t<img src=\"https:\/\/www.raumklima.cc\/wp-content\/uploads\/Raumklima-Web-Kategorie-2.jpg\" alt=\"\">\n\n\t\t\t\t\t\n\t\t\t\t\t\t\t\t\t<\/li>\n\t\t\t\t\t\t\t<li\n\t\t\t\t\tclass=\"js-twoJG-grid-item\"\n\t\t\t\t\tdata-twoJG-id=\"579\"\n\t\t\t\t\tdata-twoJG-type=\"image\"\n\t\t\t\t\tdata-twoJG-link-type=\"blank\"\n\t\t\t\t\tdata-url=\"http:\/\/www.raumklima.cc\/?page_id=156\"\n\t\t\t\t\tdata-thumbnail=\"https:\/\/www.raumklima.cc\/wp-content\/uploads\/Raumklima-Web-Kategorie-3.jpg\"\n\t\t\t\t\t\t\t\t\tdata-caption=\"Hotelerie Gastronomie\"\n\t\t\t\t\t\t\t\t\t\t\t\t>\t\n\t\t\t\t\t<img src=\"https:\/\/www.raumklima.cc\/wp-content\/uploads\/Raumklima-Web-Kategorie-3.jpg\" alt=\"\">\n\n\t\t\t\t\t\n\t\t\t\t\t\t\t\t\t<\/li>\n\t\t\t\t\t\t\t<li\n\t\t\t\t\tclass=\"js-twoJG-grid-item\"\n\t\t\t\t\tdata-twoJG-id=\"580\"\n\t\t\t\t\tdata-twoJG-type=\"image\"\n\t\t\t\t\tdata-twoJG-link-type=\"blank\"\n\t\t\t\t\tdata-url=\"http:\/\/www.raumklima.cc\/?page_id=71\"\n\t\t\t\t\tdata-thumbnail=\"https:\/\/www.raumklima.cc\/wp-content\/uploads\/Raumklima-Web-Kategorie-4.jpg\"\n\t\t\t\t\t\t\t\t\tdata-caption=\"Gewerbe \/ Industrie\"\n\t\t\t\t\t\t\t\t\t\t\t\t>\t\n\t\t\t\t\t<img src=\"https:\/\/www.raumklima.cc\/wp-content\/uploads\/Raumklima-Web-Kategorie-4.jpg\" alt=\"\">\n\n\t\t\t\t\t\n\t\t\t\t\t\t\t\t\t<\/li>\n\t\t\t\t\t\t\t<li\n\t\t\t\t\tclass=\"js-twoJG-grid-item\"\n\t\t\t\t\tdata-twoJG-id=\"581\"\n\t\t\t\t\tdata-twoJG-type=\"image\"\n\t\t\t\t\tdata-twoJG-link-type=\"blank\"\n\t\t\t\t\tdata-url=\"http:\/\/www.raumklima.cc\/?page_id=130\"\n\t\t\t\t\tdata-thumbnail=\"https:\/\/www.raumklima.cc\/wp-content\/uploads\/Raumklima-Web-Kategorie-5.jpg\"\n\t\t\t\t\t\t\t\t\tdata-caption=\"Kommunen \/ Vereine\"\n\t\t\t\t\t\t\t\t\t\t\t\t>\t\n\t\t\t\t\t<img src=\"https:\/\/www.raumklima.cc\/wp-content\/uploads\/Raumklima-Web-Kategorie-5.jpg\" alt=\"\">\n\n\t\t\t\t\t\n\t\t\t\t\t\t\t\t\t<\/li>\n\t\t\t\t\t<\/ul>\n\t<\/div>\n\t\t\t<\/div>\n\t\t\n\t\t\n\t\t \n\t\t\t<div class=\"block twoJG_paging row\" \n\t\t\t\t style=\"margin-top: 10px;\"  \n\t\t\t\tdata-view=\"numbering\" >\n\t\t\t\t\t\t\t<\/div>\n\t\t\t\t<!-- Config Block -->\n\t\t<script type=\"text\/javascript\">\n\t\t\tvar json2JGalleryConfig602 = {\"gallery\":{\"default\":{\"gallery\":{\"thumbnail_id\":0}},\"gallery\":{\"images\":\"post_meta\\\/twoj_gallery_images\\\/0\"},\"block\":{\"navigation\":{\"view\":\"hidden\",\"item\":{\"class-active\":\"active\",\"buttonColor\":\"default\",\"buttonSize\":\"sm\"}},\"content\":{\"view\":\"subgalleries_images\",\"view_setting\":{\"subgalleries\":{\"image_type\":\"first\",\"image_selected\":\"post_meta\\\/image_selected\\\/0\"}},\"item\":{\"image\":{\"preview\":{\"size\":\"medium\"},\"lightbox\":{\"size\":\"original\"}},\"link\":{\"value\":\"post_meta\\\/twoj_gallery_link\\\/0\",\"type\":\"post_meta\\\/twoj_gallery_type_link\\\/0\"},\"fields\":{\"title\":\"post\\\/post_title\",\"description\":\"post\\\/post_content\"},\"style\":{\"title\":{\"std\":{\"backgroundColor\":\"post_meta\\\/title_background_color\\\/0\"},\"hover\":{\"backgroundColor\":\"post_meta\\\/title_hover_background_color\\\/0\"}}}},\"per_page\":11,\"grid\":{\"setting\":{\"gridType\":\"classicVertical\",\"displayType\":\"responsive\",\"rightClickContextMenu\":\"default\",\"mainFolderPath\":\"\\\/vendor\\\/GAMMAGRID\\\/css\",\"gridSkinPath\":\"images\",\"lightboxSkinPath\":\"images\",\"allCategoriesLabel\":\"ALL GALLERIES\",\"autoScale\":\"yes\",\"showFullScreenButton\":\"no\",\"addMouseWheelSupport\":\"no\",\"showAllCategories\":\"yes\",\"randomizeCategories\":\"no\",\"backgroundColor\":\"#ffffff\",\"zIndex\":0,\"animateParent\":\"yes\",\"startAtCategory\":0,\"menuType\":\"list\",\"showMenu\":\"no\",\"multipleCategorySelection\":\"yes\",\"showMenuButtonsSpacers\":\"no\",\"showTotalThumbnailsPerCategory\":\"yes\",\"showSearchBox\":\"yes\",\"centerNoSearchFoundLabelWithMenu\":\"yes\",\"comboboxSelectorLabel\":\"SELECT GALLERIES\",\"menuPosition\":\"left\",\"searchLabel\":\"search\",\"searchNotFoundLabel\":\"NO RESULT FOUND!\",\"comboboxArrowNormalColor\":\"#FFFFFF\",\"comboboxArrowSelectedColor\":\"#000000\",\"menuButtonSpacerWidth\":1,\"menuButtonSpacerHeight\":20,\"menuButtonsSapcerLeftAndRight\":20,\"menuMaxWidth\":920,\"menuOffsetTop\":25,\"menuOffsetBottom\":25,\"horizontalSpaceBetweenMenuButtons\":10,\"verticalSpaceBetweenMenuButtons\":20,\"thumbnailLoadingType\":\"loadMoreWithButton\",\"hideAndShowTransitionType\":\"scale\",\"thumbanilBoxShadow\":\"none\",\"disableThumbnails\":\"no\",\"inverseButtonsIcons\":\"no\",\"thumbnailBackgroundColor\":\"#ffffff\",\"thumbnailBorderNormalColor\":\"#FFFFFF\",\"thumbnailBorderSelectedColor\":\"#c1c1c1\",\"howManyThumbnailsToDisplayPerSet\":999,\"thumbnailsHorizontalOffset\":0,\"thumbnailsVerticalOffset\":0,\"thumbnailMaxWidth\":200,\"thumbnailMaxHeight\":120,\"horizontalSpaceBetweenThumbnails\":10,\"verticalSpaceBetweenThumbnails\":3,\"thumbnailBorderSize\":0,\"thumbnailBorderRadius\":0,\"loadMoreButtonLabel\":\"LOAD MORE THUMBNAILS\",\"loadMoreButtonOffsetTop\":25,\"loadMoreButtonOffsetBottom\":25,\"preset\":\"animtext\",\"textVerticalAlign\":\"center\",\"textAnimationType\":\"scale\",\"useIconButtons\":\"no\",\"thumbnailOverlayColor\":\"#ffffff\",\"thumbnailOverlayOpacity\":0.8,\"thumbnailIconWidth\":30,\"thumbnailIconHeight\":29,\"spaceBetweenThumbanilIcons\":12,\"spaceBetweenTextAndIcons\":10,\"textColor\":\"dark\",\"hoverTextHide\":\"1\"}},\"lightbox\":{\"setting\":{\"hash\":false,\"download\":false,\"share\":false,\"zoom\":false,\"fullScreen\":false,\"autoplay\":false,\"thumbnail\":false,\"youtubePlayerParams\":{\"showinfo\":0},\"plugins\":[\"video\"],\"skin\":\"light\"}}},\"breadcrumbs\":{\"view\":\"hidden\",\"separator\":\"\\\/\",\"up\":{\"is_show\":false}},\"pagination\":{\"view\":\"numbering\",\"numbering\":{\"setting\":{\"displayedPages\":5,\"useStartEdge\":true,\"useEndEdge\":true,\"edges\":1,\"prevText\":\"&laquo;\",\"nextText\":\"&raquo;\",\"listStyle\":\"pagination-2j pagination-2j-sm\"}},\"load_more\":{\"type\":\"click\"}}}}};\n\t\t<\/script>\n\t<\/div>\n","protected":false},"excerpt":{"rendered":"<p>Planungsb\u00fcro f\u00fcr Haustechnik Unsere Unternehmensphilosophie basiert auf drei wichtigen Eckpfeilern; Know-how, Umwelt. und Mensch. Unser Ziel ist es unsere langj\u00e4hrige Erfahrung und unser fachliches Know-how stets in unsere Arbeit mit einflie\u00dfen zu lassen. Wir m\u00f6chten gemeinsam mit unseren Partnern und Kunden L\u00f6sungen erarbeiten die einerseits den technischen Fortschritt widerspiegeln und andererseits langfristige und solide Resultate [&hellip;]<\/p>\n","protected":false},"author":1,"featured_media":0,"parent":0,"menu_order":0,"comment_status":"closed","ping_status":"closed","template":"","meta":{"ngg_post_thumbnail":0},"_links":{"self":[{"href":"https:\/\/www.raumklima.cc\/index.php?rest_route=\/wp\/v2\/pages\/569"}],"collection":[{"href":"https:\/\/www.raumklima.cc\/index.php?rest_route=\/wp\/v2\/pages"}],"about":[{"href":"https:\/\/www.raumklima.cc\/index.php?rest_route=\/wp\/v2\/types\/page"}],"author":[{"embeddable":true,"href":"https:\/\/www.raumklima.cc\/index.php?rest_route=\/wp\/v2\/users\/1"}],"replies":[{"embeddable":true,"href":"https:\/\/www.raumklima.cc\/index.php?rest_route=%2Fwp%2Fv2%2Fcomments&post=569"}],"version-history":[{"count":22,"href":"https:\/\/www.raumklima.cc\/index.php?rest_route=\/wp\/v2\/pages\/569\/revisions"}],"predecessor-version":[{"id":609,"href":"https:\/\/www.raumklima.cc\/index.php?rest_route=\/wp\/v2\/pages\/569\/revisions\/609"}],"wp:attachment":[{"href":"https:\/\/www.raumklima.cc\/index.php?rest_route=%2Fwp%2Fv2%2Fmedia&parent=569"}],"curies":[{"name":"wp","href":"https:\/\/api.w.org\/{rel}","templated":true}]}}