{"id":53,"date":"2012-04-21T08:42:27","date_gmt":"2012-04-21T08:42:27","guid":{"rendered":"http:\/\/www.raumklima.cc\/?page_id=53"},"modified":"2012-11-12T17:11:29","modified_gmt":"2012-11-12T17:11:29","slug":"privat","status":"publish","type":"page","link":"https:\/\/www.raumklima.cc\/?page_id=53","title":{"rendered":"Einfamilienh\u00e4user"},"content":{"rendered":"<ul class=\"ngg-breadcrumbs\">\n    <\/ul>\n<div class=\"ngg-albumoverview\">\t\n\t<!-- List of galleries -->\n\t\n\t<div class=\"ngg-album\">\n\t\t<div class=\"ngg-albumtitle\"><a href=\"https:\/\/www.raumklima.cc\/index.php\/nggallery\/einfamilienhauser\/wohnhaus-salzburg?page_id=53\">Wohnhaus Salzburg <\/a><\/div>\n\t\t\t<div class=\"ngg-albumcontent\">\n\t\t\t\t<div class=\"ngg-thumbnail\">\n\t\t\t\t\t<a href=\"https:\/\/www.raumklima.cc\/index.php\/nggallery\/einfamilienhauser\/wohnhaus-salzburg?page_id=53\"><img class=\"Thumb\" alt=\"Wohnhaus Salzburg \" src=\"https:\/\/www.raumklima.cc\/wp-content\/gallery\/wohnbau\/cache\/img_1076.jpg-nggid016-ngg0dyn-91x68-00f0w010c011r110f110r010t010.jpg\"\/><\/a>\n\t\t\t\t<\/div>\n\t\t\t\t<div class=\"ngg-description\">\n\t\t\t\t<p>Modernes Wohnhaus in exklusiver Lage in Salzburg. Die Energieerzeugung wurde \u00fcber eine Grundwasserw\u00e4rmepumpe realisiert. In Teilbereichen des Geb\u00e4udes wurde eine Klimaanlage sowie eine mechanische Wohnrauml\u00fcftung eingebaut.<\/p>\n\t\t\t\t\t\t\t\t<p class=\"ngg-album-gallery-image-counter\"><strong>6<\/strong>&nbsp;Fotos<\/p>\n\t\t\t\t\t\t\t<\/div>\n\t\t<\/div>\n\t<\/div>\n\n \t\n\t<div class=\"ngg-album\">\n\t\t<div class=\"ngg-albumtitle\"><a href=\"https:\/\/www.raumklima.cc\/index.php\/nggallery\/einfamilienhauser\/wohnhaus-anif?page_id=53\">Wohnhaus Anif<\/a><\/div>\n\t\t\t<div class=\"ngg-albumcontent\">\n\t\t\t\t<div class=\"ngg-thumbnail\">\n\t\t\t\t\t<a href=\"https:\/\/www.raumklima.cc\/index.php\/nggallery\/einfamilienhauser\/wohnhaus-anif?page_id=53\"><img class=\"Thumb\" alt=\"Wohnhaus Anif\" src=\"https:\/\/www.raumklima.cc\/wp-content\/gallery\/wohnhaus-anif\/cache\/img_0456.jpg-nggid0230-ngg0dyn-91x68-00f0w010c011r110f110r010t010.jpg\"\/><\/a>\n\t\t\t\t<\/div>\n\t\t\t\t<div class=\"ngg-description\">\n\t\t\t\t<p>Mordernes Einfamilienhaus in Anif bei Salzburg mit Erdw\u00e4rmepumpe und Pool.<\/p>\n\t\t\t\t\t\t\t\t<p class=\"ngg-album-gallery-image-counter\"><strong>6<\/strong>&nbsp;Fotos<\/p>\n\t\t\t\t\t\t\t<\/div>\n\t\t<\/div>\n\t<\/div>\n\n \t\n\t<div class=\"ngg-album\">\n\t\t<div class=\"ngg-albumtitle\"><a href=\"https:\/\/www.raumklima.cc\/index.php\/nggallery\/einfamilienhauser\/wohnhaus-aigen?page_id=53\">Wohnhaus Aigen<\/a><\/div>\n\t\t\t<div class=\"ngg-albumcontent\">\n\t\t\t\t<div class=\"ngg-thumbnail\">\n\t\t\t\t\t<a href=\"https:\/\/www.raumklima.cc\/index.php\/nggallery\/einfamilienhauser\/wohnhaus-aigen?page_id=53\"><img class=\"Thumb\" alt=\"Wohnhaus Aigen\" src=\"https:\/\/www.raumklima.cc\/wp-content\/gallery\/wohnhaus-aigen\/cache\/788f098fb61_1.jpg-nggid0292-ngg0dyn-91x68-00f0w010c011r110f110r010t010.jpg\"\/><\/a>\n\t\t\t\t<\/div>\n\t\t\t\t<div class=\"ngg-description\">\n\t\t\t\t<p>Modernes Wohnhaus in Salzburg Aigen mit innenligenden Schwimmbad\r\nBeheizung mittels W\u00e4rmepumpe mit Spitzenlastabdeckung \u00fcber einen Gasbrennwertkessel f\u00fcr die Beheizung des Wohnhauses. W\u00e4rmeabgabe \u00fcber eine Fl\u00e4chenheizung in kombination mit Unterflurkonvektoren bei den gro\u00dfen Fensterfl\u00e4chen.\r\nL\u00fcftungsanlage f\u00fcr den Wohnraum sowie f\u00fcr den Schwimmbadbereich mit hochwirksamer W\u00e4rmer\u00fcckgewinnung. Hygienische Warmwasserbereitung im Durchlaufprinzip.<\/p>\n\t\t\t\t\t\t\t\t<p class=\"ngg-album-gallery-image-counter\"><strong>2<\/strong>&nbsp;Fotos<\/p>\n\t\t\t\t\t\t\t<\/div>\n\t\t<\/div>\n\t<\/div>\n\n \t\n\t<div class=\"ngg-album\">\n\t\t<div class=\"ngg-albumtitle\"><a href=\"https:\/\/www.raumklima.cc\/index.php\/nggallery\/einfamilienhauser\/wohnhaus-neukirchen-a-d-voeckla?page_id=53\">Wohnhaus Neukirchen an der V\u00f6ckla<\/a><\/div>\n\t\t\t<div class=\"ngg-albumcontent\">\n\t\t\t\t<div class=\"ngg-thumbnail\">\n\t\t\t\t\t<a href=\"https:\/\/www.raumklima.cc\/index.php\/nggallery\/einfamilienhauser\/wohnhaus-neukirchen-a-d-voeckla?page_id=53\"><img class=\"Thumb\" alt=\"Wohnhaus Neukirchen an der V\u00f6ckla\" src=\"https:\/\/www.raumklima.cc\/wp-content\/gallery\/wohnhaus-neukirchen-a-d-voeckla\/cache\/Image.png-nggid03147-ngg0dyn-91x68-00f0w010c011r110f110r010t010.png\"\/><\/a>\n\t\t\t\t<\/div>\n\t\t\t\t<div class=\"ngg-description\">\n\t\t\t\t<p><\/p>\n\t\t\t\t\t\t\t\t<p class=\"ngg-album-gallery-image-counter\"><strong>7<\/strong>&nbsp;Fotos<\/p>\n\t\t\t\t\t\t\t<\/div>\n\t\t<\/div>\n\t<\/div>\n\n \t\n\t<div class=\"ngg-album\">\n\t\t<div class=\"ngg-albumtitle\"><a href=\"https:\/\/www.raumklima.cc\/index.php\/nggallery\/einfamilienhauser\/einfamilienhaus-schwarz-roland?page_id=53\">Einfamilienhaus Schwarz Roland<\/a><\/div>\n\t\t\t<div class=\"ngg-albumcontent\">\n\t\t\t\t<div class=\"ngg-thumbnail\">\n\t\t\t\t\t<a href=\"https:\/\/www.raumklima.cc\/index.php\/nggallery\/einfamilienhauser\/einfamilienhaus-schwarz-roland?page_id=53\"><img class=\"Thumb\" alt=\"Einfamilienhaus Schwarz Roland\" src=\"https:\/\/www.raumklima.cc\/wp-content\/gallery\/einfamilienhaus-schwarz-roland\/cache\/NW-Vogel_160714.jpg-nggid03172-ngg0dyn-91x68-00f0w010c011r110f110r010t010.jpg\"\/><\/a>\n\t\t\t\t<\/div>\n\t\t\t\t<div class=\"ngg-description\">\n\t\t\t\t<p>Appartement- und Wohnhaus mit zentraler Pelletsheizung. W\u00e4rmeverteilung \u00fcber Niedertemperatur Fl\u00e4chenheizung. Die Warmwasserbereitung erfolgt mit gr\u00f6\u00dftm\u00f6glich hygienischen Standard dezentral \u00fcber W\u00e4rmetauscher in den jeweiligen Nutzereinheiten.<\/p>\n\t\t\t\t\t\t\t\t<p class=\"ngg-album-gallery-image-counter\"><strong>3<\/strong>&nbsp;Fotos<\/p>\n\t\t\t\t\t\t\t<\/div>\n\t\t<\/div>\n\t<\/div>\n\n \t \t\n\t<!-- Pagination -->\n \t<div class='ngg-clear'><\/div> \t\n<\/div>\n\n","protected":false},"excerpt":{"rendered":"","protected":false},"author":1,"featured_media":0,"parent":0,"menu_order":0,"comment_status":"closed","ping_status":"closed","template":"","meta":{"ngg_post_thumbnail":0},"_links":{"self":[{"href":"https:\/\/www.raumklima.cc\/index.php?rest_route=\/wp\/v2\/pages\/53"}],"collection":[{"href":"https:\/\/www.raumklima.cc\/index.php?rest_route=\/wp\/v2\/pages"}],"about":[{"href":"https:\/\/www.raumklima.cc\/index.php?rest_route=\/wp\/v2\/types\/page"}],"author":[{"embeddable":true,"href":"https:\/\/www.raumklima.cc\/index.php?rest_route=\/wp\/v2\/users\/1"}],"replies":[{"embeddable":true,"href":"https:\/\/www.raumklima.cc\/index.php?rest_route=%2Fwp%2Fv2%2Fcomments&post=53"}],"version-history":[{"count":19,"href":"https:\/\/www.raumklima.cc\/index.php?rest_route=\/wp\/v2\/pages\/53\/revisions"}],"predecessor-version":[{"id":155,"href":"https:\/\/www.raumklima.cc\/index.php?rest_route=\/wp\/v2\/pages\/53\/revisions\/155"}],"wp:attachment":[{"href":"https:\/\/www.raumklima.cc\/index.php?rest_route=%2Fwp%2Fv2%2Fmedia&parent=53"}],"curies":[{"name":"wp","href":"https:\/\/api.w.org\/{rel}","templated":true}]}}