{"id":246,"date":"2015-07-14T11:33:41","date_gmt":"2015-07-14T11:33:41","guid":{"rendered":"http:\/\/www.raumklima.cc\/?page_id=246"},"modified":"2015-07-14T11:33:41","modified_gmt":"2015-07-14T11:33:41","slug":"agb","status":"publish","type":"page","link":"https:\/\/www.raumklima.cc\/?page_id=246","title":{"rendered":"AGB"},"content":{"rendered":"<h2>AGB &#8211; Allgemeinen Gesch\u00e4ftsbedingungen<\/h2>\r\nHier stehen unsere Allgemeinen Gesch\u00e4ftsbedingungen zum <span class=\"st\">Download f\u00fcr Sie bereit:<\/span>\r\n\r\n<span style=\"color: #96a82d;\"><a style=\"color: #96a82d;\" href=\"http:\/\/www.raumklima.cc\/wp-content\/uploads\/agb_ingenieurbueros_b2b_1_1_2015.pdf\" target=\"_blank\">AGB &#8211; Allgemeinen Gesch\u00e4ftsbedingungen<\/a><\/span>\r\n\r\n&nbsp;\r\n\r\n&nbsp;\r\n\r\n&nbsp;\r\n\r\n&nbsp;\r\n\r\n&nbsp;\r\n\r\n&nbsp;\r\n\r\n&nbsp;\r\n\r\n&nbsp;\r\n\r\n&nbsp;\r\n\r\n&nbsp;\r\n\r\n&nbsp;\r\n\r\n&nbsp;\r\n\r\n&nbsp;\r\n\r\n&nbsp;","protected":false},"excerpt":{"rendered":"<p>AGB &#8211; Allgemeinen Gesch\u00e4ftsbedingungen Hier stehen unsere Allgemeinen Gesch\u00e4ftsbedingungen zum Download f\u00fcr Sie bereit: AGB &#8211; Allgemeinen Gesch\u00e4ftsbedingungen &nbsp; &nbsp; &nbsp; &nbsp; &nbsp; &nbsp; &nbsp; &nbsp; &nbsp; &nbsp; &nbsp; &nbsp; &nbsp; &nbsp;<\/p>\n","protected":false},"author":1,"featured_media":0,"parent":0,"menu_order":0,"comment_status":"closed","ping_status":"closed","template":"","meta":{"ngg_post_thumbnail":0},"_links":{"self":[{"href":"https:\/\/www.raumklima.cc\/index.php?rest_route=\/wp\/v2\/pages\/246"}],"collection":[{"href":"https:\/\/www.raumklima.cc\/index.php?rest_route=\/wp\/v2\/pages"}],"about":[{"href":"https:\/\/www.raumklima.cc\/index.php?rest_route=\/wp\/v2\/types\/page"}],"author":[{"embeddable":true,"href":"https:\/\/www.raumklima.cc\/index.php?rest_route=\/wp\/v2\/users\/1"}],"replies":[{"embeddable":true,"href":"https:\/\/www.raumklima.cc\/index.php?rest_route=%2Fwp%2Fv2%2Fcomments&post=246"}],"version-history":[{"count":6,"href":"https:\/\/www.raumklima.cc\/index.php?rest_route=\/wp\/v2\/pages\/246\/revisions"}],"predecessor-version":[{"id":254,"href":"https:\/\/www.raumklima.cc\/index.php?rest_route=\/wp\/v2\/pages\/246\/revisions\/254"}],"wp:attachment":[{"href":"https:\/\/www.raumklima.cc\/index.php?rest_route=%2Fwp%2Fv2%2Fmedia&parent=246"}],"curies":[{"name":"wp","href":"https:\/\/api.w.org\/{rel}","templated":true}]}}