{"id":221,"date":"2015-07-14T06:32:17","date_gmt":"2015-07-14T06:32:17","guid":{"rendered":"http:\/\/www.raumklima.cc\/?page_id=221"},"modified":"2022-09-05T12:54:06","modified_gmt":"2022-09-05T12:54:06","slug":"datenschutzerklaerung","status":"publish","type":"page","link":"https:\/\/www.raumklima.cc\/?page_id=221","title":{"rendered":"Datenschutzerkl\u00e4rung"},"content":{"rendered":"<h1>DATENSCHUTZERKL\u00c4RUNG<\/h1>\r\nVerantwortlich f\u00fcr die Verarbeitung Ihrer personenbezogenen Daten auf unserer Website ist die Firma Raumklima Planungsgesellschaft mbH. Die Daten der Raumklima Planungsgesellschaft mbH, finden Sie im <a title=\"\u201cImpressum\u201c\" href=\"http:\/\/www.raumklima.cc\/?page_id=12\" target=\"_blank\" rel=\"noopener\">Impressum<\/a>.\r\n<h2>Datenschutz<\/h2>\r\nWir nehmen den Schutz Ihrer personenbezogenen Daten sehr ernst. Wir verarbeiten Ihre personenbezogenen Daten entsprechend der gesetzlichen Datenschutzvorschriften sowie dieser Datenschutzerkl\u00e4rung.\r\nDie Nutzung unserer Webseite ist in der Regel ohne Angabe personenbezogener Daten m\u00f6glich. Soweit auf unseren Seiten personenbezogene Daten (beispielsweise Name, Anschrift oder E-Mail-Adressen) erhoben werden, erfolgt dies, soweit m\u00f6glich, stets auf freiwilliger Basis.\r\n<h2>Auftragsverarbeiter, Empf\u00e4nger<\/h2>\r\nWir verarbeiten Ihre personenbezogenen Daten mit der Unterst\u00fctzung von Auftragsverarbeitern, welche uns bei der Bereitstellung der Dienste unterst\u00fctzen (z.B. Webhoster, E-Mail-Newsletter-Versanddienst).\r\nDiese Auftragsverarbeiter sind zum strengen Schutz Ihrer personenbezogenen Daten verpflichtet und d\u00fcrfen Ihre personenbezogenen Daten zu keinem anderen Zweck als zur Bereitstellung unserer Dienste verarbeiten.\r\nEine Weitergabe Ihrer personenbezogenen Daten erfolgt nur an wirtschaftstypische Dienstleister wie z.B. Banken (im Fall von \u00dcberweisungen an Sie), Steuerberater (falls Sie in unserer Buchhaltung vorkommen), Versanddienstleister (im Fall der Versendung an Sie), etc.\r\n<h2>Kontaktformular<\/h2>\r\nNach Absenden des Kontaktformulars erfolgt eine Verarbeitung der von Ihnen eingegebenen personenbezogenen Daten durch den datenschutzrechtlich Verantwortlichen zum Zweck der Bearbeitung Ihrer Anfrage auf Grundlage Ihrer durch das Absenden des Formulars erteilten Einwilligung.\r\nEs besteht keine gesetzliche oder vertragliche Verpflichtung zur Bereitstellung der personenbezogenen Daten. Die Nichtbereitstellung hat lediglich zur Folge, dass Sie Ihr Anliegen nicht \u00fcbermitteln und wir dieses nicht bearbeiten k\u00f6nnen.\r\nSie haben das Recht, Ihre Einwilligung jederzeit durch schriftliche Mitteilung zu widerrufen, ohne dass die Rechtm\u00e4\u00dfigkeit der aufgrund der Einwilligung bis zum Widerruf erfolgten Verarbeitung ber\u00fchrt wird.\r\n<h2>Cookies<\/h2>\r\nDiese Website verwendet Cookies.\r\nCookies machen Websites f\u00fcr den Benutzer benutzerfreundlicher und effizienter. Ein Cookie ist eine kleine Textdatei, die zur Speicherung von Informationen dient. Beim Besuch einer Website kann die Website auf dem Computer des Website-Besuchers ein Cookie platzieren. Besucht der Benutzer die Website sp\u00e4ter wieder, kann die Website die Daten des fr\u00fcher gespeicherten Cookies auslesen und so z.B. feststellen, ob der Benutzer die Website schon fr\u00fcher besucht hat und f\u00fcr welche Bereiche der Website sich der Benutzer besonders interessiert hat.\r\nMehr Informationen zu Cookies erhalten Sie auf <a href=\"\u201chttp:\/\/de.wikipedia.org\/wiki\/HTTP-Cookie\u201c\">WIKIPEDIA<\/a>.\r\n<h3>\u00c4ndern der Cookie-Einstellungen<\/h3>\r\nWie der Web-Browser mit Cookies umgeht, welche Cookies zugelassen oder abgelehnt werden, kann der Benutzer in den Einstellungen des Web-Browsers festlegen. Wo genau sich diese Einstellungen befinden, h\u00e4ngt vom jeweiligen Web-Browser ab. Detailinformationen dazu k\u00f6nnen \u00fcber die Hilfe-Funktion des jeweiligen Web-Browsers aufgerufen werden.\r\nWenn die Nutzung von Cookies eingeschr\u00e4nkt wird, sind unter Umst\u00e4nden nicht mehr alle Funktionen dieser Website vollumf\u00e4nglich nutzbar.\r\n<h2>Server Log File<\/h2>\r\nAus Gr\u00fcnden der Betriebssicherheit werden Webserver-Logfiles erstellt. Diese Logdateien werden mit Umsetzung der DSGVO <strong>zwei Wochen<\/strong> lang gespeichert. Es werden auch Error-Logdateien erstellt, die beim Auffinden von Fehlern hilfreich sind. Diese werden ebenfalls nach zwei Wochen automatisiert gel\u00f6scht.\r\n<h2>Matomo (Piwik)<\/h2>\r\nDiese Website verwendet das Webanalysetool Matomo zum Zweck der Analyse der Verwendung der Website durch die Benutzer auf der Rechtsgrundlage des \u00fcberwiegenden berechtigten Interesses (Analyse der Websitenutzung). Dieses Tool ist auf einem Webserver in \u00d6sterreich installiert, wo nur die Raumklima Planungsgesellschaft mbH Zugriff auf die Daten haben. Die Daten werden nicht an Dritte weitergegeben.\r\nDiese Website nutzt die Funktion &#8222;IP-Anonymisierung&#8220;. Dadurch wird Ihre IP-Adresse gek\u00fcrzt und ihre Daten somit anonymisiert.\r\n<h3>Matomo deaktivieren<\/h3>\r\n<ul>\r\n \t<li>Sie k\u00f6nnen die Erfassung Ihrer Nutzerdaten <strong>auf unserer Website generell<\/strong> verhindern, indem Sie in Ihrem Webbrowser \u201eDo Not Track\u201c einstellen. Unsere Website ber\u00fccksichtigt das \u201eDo Not Track\u201c-Signal, das Ihr Webbrowser dann an alle Websites sendet.<\/li>\r\n<\/ul>\r\n<h2>Ihre Rechte<\/h2>\r\nSie haben das Recht auf Auskunft, Berichtigung, L\u00f6schung und Einschr\u00e4nkung der Verarbeitung der personenbezogenen Daten.\r\nSoweit die Rechtsgrundlage der Verarbeitung Ihrer personenbezogenen Daten in Ihrer Einwilligung oder in einem mit Ihnen abgeschlossenen Vertrag besteht, haben Sie zudem das Recht auf Daten\u00fcbertragbarkeit.\r\nSie haben das Recht auf Widerruf einer eventuell erteilten Einwilligung zur Verarbeitung Ihrer personenbezogenen Daten. Die Rechtm\u00e4\u00dfigkeit der Verarbeitung der personenbezogenen Daten bis zum Widerruf wird durch den Widerruf nicht ber\u00fchrt.\r\nSie haben das Recht auf Widerspruch gegen die Verarbeitung Ihrer personenbezogenen Daten zum Zweck der Direktwerbung. Im Fall des Widerspruchs werden Ihre personenbezogenen Daten nicht mehr zum Zwecke der Direktwerbung verarbeitet.\r\nWeiters haben Sie das Recht auf Beschwerde bei der Aufsichtsbeh\u00f6rde (\u00d6sterreichische Datenschutzbeh\u00f6rde, Wickenburggasse 8, 1080 Wien, dsb@dsb.gv.at).\r\n<h2>Datenschutzeinstellungen<\/h2>\r\nHier k\u00f6nnen Sie die&nbsp; Datenschutzeinstellungen f\u00fcr diese Website \u00e4ndern.\r\n<a href=\"#\" class=\"_brlbs-btn-cookie-preference borlabs-cookie-preference\">Datenschutzeinstellungen<\/a>\r\n\r\n&nbsp;","protected":false},"excerpt":{"rendered":"<p>DATENSCHUTZERKL\u00c4RUNG Verantwortlich f\u00fcr die Verarbeitung Ihrer personenbezogenen Daten auf unserer Website ist die Firma Raumklima Planungsgesellschaft mbH. Die Daten der Raumklima Planungsgesellschaft mbH, finden Sie im Impressum. Datenschutz Wir nehmen den Schutz Ihrer personenbezogenen Daten sehr ernst. Wir verarbeiten Ihre personenbezogenen Daten entsprechend der gesetzlichen Datenschutzvorschriften sowie dieser Datenschutzerkl\u00e4rung. Die Nutzung unserer Webseite ist in [&hellip;]<\/p>\n","protected":false},"author":1,"featured_media":0,"parent":0,"menu_order":0,"comment_status":"closed","ping_status":"closed","template":"","meta":{"ngg_post_thumbnail":0},"_links":{"self":[{"href":"https:\/\/www.raumklima.cc\/index.php?rest_route=\/wp\/v2\/pages\/221"}],"collection":[{"href":"https:\/\/www.raumklima.cc\/index.php?rest_route=\/wp\/v2\/pages"}],"about":[{"href":"https:\/\/www.raumklima.cc\/index.php?rest_route=\/wp\/v2\/types\/page"}],"author":[{"embeddable":true,"href":"https:\/\/www.raumklima.cc\/index.php?rest_route=\/wp\/v2\/users\/1"}],"replies":[{"embeddable":true,"href":"https:\/\/www.raumklima.cc\/index.php?rest_route=%2Fwp%2Fv2%2Fcomments&post=221"}],"version-history":[{"count":6,"href":"https:\/\/www.raumklima.cc\/index.php?rest_route=\/wp\/v2\/pages\/221\/revisions"}],"predecessor-version":[{"id":669,"href":"https:\/\/www.raumklima.cc\/index.php?rest_route=\/wp\/v2\/pages\/221\/revisions\/669"}],"wp:attachment":[{"href":"https:\/\/www.raumklima.cc\/index.php?rest_route=%2Fwp%2Fv2%2Fmedia&parent=221"}],"curies":[{"name":"wp","href":"https:\/\/api.w.org\/{rel}","templated":true}]}}